{"id":10416,"date":"2015-10-25T19:19:59","date_gmt":"2015-10-25T18:19:59","guid":{"rendered":"http:\/\/themes.loc\/workscout\/?page_id=2411"},"modified":"2021-03-29T09:59:03","modified_gmt":"2021-03-29T06:59:03","slug":"contact","status":"publish","type":"page","link":"https:\/\/www.radyobuilan.com\/?page_id=10416","title":{"rendered":"\u0130leti\u015fim"},"content":{"rendered":"<p>[vc_row][vc_column width=&#8221;1\/2&#8243;][vc_column_text]<\/p>\n<div class=\"g5plus-icon-box ib-left clearfix icon-box-dark icon-align-top hover-creative mg-bottom-40 sm-mg-bottom-30 \">\n<h3 class=\"ib-content\">Adres<\/h3>\n<h3>Demirta\u015fpa\u015fa Mah. \u0130n\u00f6n\u00fc Cad.A\u015fk\u0131n \u0130\u015f Merkezi Kat:2 No: 75\/38 Osmangazi BURSA<\/h3>\n<\/div>\n<div class=\"ib-shape-inner icon-bg-circle icon-scheme-gray ib-medium\"><\/div>\n<h3>Telefon0 <a href=\"tel:02242234040\">0224 223 40 40<\/a><\/h3>\n<div class=\"g5plus-icon-box ib-left clearfix icon-box-dark icon-align-top hover-creative \">\n<h3 class=\"ib-shape-inner icon-bg-circle icon-scheme-gray ib-medium\"><\/h3>\n<div class=\"ib-content\">\n<h3>E-mail Adres <a href=\"mailto:info@radyobu.com\">info@radyobu.com<\/a><\/h3>\n<\/div>\n<\/div>\n<p>[\/vc_column_text][\/vc_column][vc_column width=&#8221;1\/2&#8243;][vc_raw_html]JTNDaWZyYW1lJTIwc3R5bGUlM0QlMjJib3JkZXIlM0ElMjAwJTNCJTIyJTIwc3JjJTNEJTIyaHR0cHMlM0ElMkYlMkZ3d3cuZ29vZ2xlLmNvbSUyRm1hcHMlMkZlbWJlZCUzRnBiJTNEJTIxMW0xNCUyMTFtOCUyMTFtMyUyMTFkNjA5Ni4wOTQ4NTA5NDI4MjMlMjEyZDI5LjA2OTMxMiUyMTNkNDAuMTg1NzU4JTIxM20yJTIxMWkxMDI0JTIxMmk3NjglMjE0ZjEzLjElMjEzbTMlMjExbTIlMjExczB4MCUyNTNBMHhjNmVkYTA0OTNkYWQ3ZjVmJTIxMnNSYWR5byUyNTIwQnUlMjUyMDk1LjQlMjE1ZTAlMjEzbTIlMjExc3RyJTIxMnN1cyUyMTR2MTYxNDQ2MDQ3MDE2MyUyMTVtMiUyMTFzdHIlMjEyc3VzJTIyJTIwd2lkdGglM0QlMjIxMDAlMjUlMjIlMjBoZWlnaHQlM0QlMjI1MDAlMjIlMjBhbGxvd2Z1bGxzY3JlZW4lM0QlMjJhbGxvd2Z1bGxzY3JlZW4lMjIlM0UlM0MlMkZpZnJhbWUlM0UlMEE=[\/vc_raw_html][\/vc_column][\/vc_row]<\/p>\n","protected":false},"excerpt":{"rendered":"<p>[vc_row][vc_column width=&rdquo;1\/2&Prime;][vc_column_text] Adres Demirta&#351;pa&#351;a Mah. &#304;n&ouml;n&uuml; Cad.A&#351;k&#305;n &#304;&#351; Merkezi Kat:2 No: 75\/38 Osmangazi BURSA Telefon0 0224 223 40 40 E-mail Adres info@radyobu.com [\/vc_column_text][\/vc_column][vc_column width=&rdquo;1\/2&Prime;][vc_raw_html]JTNDaWZyYW1lJTIwc3R5bGUlM0QlMjJib3JkZXIlM0ElMjAwJTNCJTIyJTIwc3JjJTNEJTIyaHR0cHMlM0ElMkYlMkZ3d3cuZ29vZ2xlLmNvbSUyRm1hcHMlMkZlbWJlZCUzRnBiJTNEJTIxMW0xNCUyMTFtOCUyMTFtMyUyMTFkNjA5Ni4wOTQ4NTA5NDI4MjMlMjEyZDI5LjA2OTMxMiUyMTNkNDAuMTg1NzU4JTIxM20yJTIxMWkxMDI0JTIxMmk3NjglMjE0ZjEzLjElMjEzbTMlMjExbTIlMjExczB4MCUyNTNBMHhjNmVkYTA0OTNkYWQ3ZjVmJTIxMnNSYWR5byUyNTIwQnUlMjUyMDk1LjQlMjE1ZTAlMjEzbTIlMjExc3RyJTIxMnN1cyUyMTR2MTYxNDQ2MDQ3MDE2MyUyMTVtMiUyMTFzdHIlMjEyc3VzJTIyJTIwd2lkdGglM0QlMjIxMDAlMjUlMjIlMjBoZWlnaHQlM0QlMjI1MDAlMjIlMjBhbGxvd2Z1bGxzY3JlZW4lM0QlMjJhbGxvd2Z1bGxzY3JlZW4lMjIlM0UlM0MlMkZpZnJhbWUlM0UlMEE=[\/vc_raw_html][\/vc_column][\/vc_row]<\/p>\n","protected":false},"author":1,"featured_media":0,"parent":0,"menu_order":0,"comment_status":"closed","ping_status":"closed","template":"","meta":[],"_links":{"self":[{"href":"https:\/\/www.radyobuilan.com\/index.php?rest_route=\/wp\/v2\/pages\/10416"}],"collection":[{"href":"https:\/\/www.radyobuilan.com\/index.php?rest_route=\/wp\/v2\/pages"}],"about":[{"href":"https:\/\/www.radyobuilan.com\/index.php?rest_route=\/wp\/v2\/types\/page"}],"author":[{"embeddable":true,"href":"https:\/\/www.radyobuilan.com\/index.php?rest_route=\/wp\/v2\/users\/1"}],"replies":[{"embeddable":true,"href":"https:\/\/www.radyobuilan.com\/index.php?rest_route=%2Fwp%2Fv2%2Fcomments&post=10416"}],"version-history":[{"count":6,"href":"https:\/\/www.radyobuilan.com\/index.php?rest_route=\/wp\/v2\/pages\/10416\/revisions"}],"predecessor-version":[{"id":10691,"href":"https:\/\/www.radyobuilan.com\/index.php?rest_route=\/wp\/v2\/pages\/10416\/revisions\/10691"}],"wp:attachment":[{"href":"https:\/\/www.radyobuilan.com\/index.php?rest_route=%2Fwp%2Fv2%2Fmedia&parent=10416"}],"curies":[{"name":"wp","href":"https:\/\/api.w.org\/{rel}","templated":true}]}}